{"id":2586,"date":"2025-05-23T02:36:27","date_gmt":"2025-05-23T02:36:27","guid":{"rendered":"https:\/\/nicobar.hu\/?page_id=2586"},"modified":"2025-05-23T02:40:30","modified_gmt":"2025-05-23T02:40:30","slug":"impresszum","status":"publish","type":"page","link":"https:\/\/nicobar.hu\/en\/impresszum\/","title":{"rendered":"Impressum"},"content":{"rendered":"<div data-elementor-type=\"wp-page\" data-elementor-id=\"2586\" class=\"elementor elementor-2586\">\n\t\t\t\t<div class=\"elementor-element elementor-element-a14db56 e-flex e-con-boxed e-con e-parent\" data-id=\"a14db56\" data-element_type=\"container\">\n\t\t\t\t\t<div class=\"e-con-inner\">\n\t\t<div class=\"elementor-element elementor-element-03985b7 e-con-full e-flex e-con e-child\" data-id=\"03985b7\" data-element_type=\"container\" data-settings=\"{&quot;background_background&quot;:&quot;classic&quot;}\">\n\t\t\t\t<div class=\"elementor-element elementor-element-43eacae elementor-widget elementor-widget-text-editor\" data-id=\"43eacae\" data-element_type=\"widget\" data-widget_type=\"text-editor.default\">\n\t\t\t\t<div class=\"elementor-widget-container\">\n\t\t\t\t\t\t\t\t\t<p class=\"\" data-start=\"119\" data-end=\"167\"><strong data-start=\"119\" data-end=\"140\">Szolg\u00e1ltat\u00f3 neve:<\/strong><br data-start=\"140\" data-end=\"143\" \/><strong data-start=\"143\" data-end=\"167\">Nico Vend\u00e9gl\u00e1t\u00f3 Kft.<\/strong><\/p><p class=\"\" data-start=\"169\" data-end=\"215\"><strong data-start=\"169\" data-end=\"182\">Sz\u00e9khely:<\/strong><br data-start=\"182\" data-end=\"185\" \/>1011 Budapest, Bem rakpart 15.<\/p><p class=\"\" data-start=\"293\" data-end=\"321\"><strong data-start=\"293\" data-end=\"305\">Ad\u00f3sz\u00e1m:<\/strong><br data-start=\"305\" data-end=\"308\" \/>32545586-2-41<\/p><p class=\"\" data-start=\"323\" data-end=\"387\" data-wp-editing=\"1\"><strong data-start=\"323\" data-end=\"345\">Kapcsolatfelv\u00e9tel:<\/strong><br data-start=\"345\" data-end=\"348\" \/><img decoding=\"async\" class=\"emoji\" role=\"img\" draggable=\"false\" src=\"https:\/\/s.w.org\/images\/core\/emoji\/15.1.0\/svg\/1f4e7.svg\" alt=\"\ud83d\udce7\" \/><a href=\"mailto:info@nicobar.hu\"> info@nicobar.hu<\/a><br data-start=\"366\" data-end=\"369\" \/><img decoding=\"async\" class=\"emoji\" role=\"img\" draggable=\"false\" src=\"https:\/\/s.w.org\/images\/core\/emoji\/15.1.0\/svg\/1f4de.svg\" alt=\"\ud83d\udcde\" \/> +36 30 733 0000<\/p><p class=\"\" data-start=\"389\" data-end=\"519\"><strong data-start=\"389\" data-end=\"412\">T\u00e1rhelyszolg\u00e1ltat\u00f3:<\/strong><br data-start=\"412\" data-end=\"415\" \/>T\u00e1rhely.Eu Kft.<br data-start=\"464\" data-end=\"467\" \/>Tel.: 06 1 789-2-789<\/p><p class=\"\" data-start=\"389\" data-end=\"519\"><strong>Weboldallal kapcsolatos k\u00e9rd\u00e9sek:<\/strong><br \/>info@shopographic.co.nz<\/p>\t\t\t\t\t\t\t\t<\/div>\n\t\t\t\t<\/div>\n\t\t\t\t<\/div>\n\t\t\t\t\t<\/div>\n\t\t\t\t<\/div>\n\t\t\t\t<\/div>","protected":false},"excerpt":{"rendered":"","protected":false},"author":1,"featured_media":0,"parent":0,"menu_order":0,"comment_status":"closed","ping_status":"closed","template":"","meta":{"site-sidebar-layout":"no-sidebar","site-content-layout":"page-builder","ast-site-content-layout":"full-width-container","site-content-style":"default","site-sidebar-style":"default","ast-global-header-display":"","ast-banner-title-visibility":"","ast-main-header-display":"","ast-hfb-above-header-display":"","ast-hfb-below-header-display":"","ast-hfb-mobile-header-display":"","site-post-title":"disabled","ast-breadcrumbs-content":"","ast-featured-img":"disabled","footer-sml-layout":"","theme-transparent-header-meta":"","adv-header-id-meta":"","stick-header-meta":"","header-above-stick-meta":"","header-main-stick-meta":"","header-below-stick-meta":"","astra-migrate-meta-layouts":"set","ast-page-background-enabled":"default","ast-page-background-meta":{"desktop":{"background-color":"","background-image":"","background-repeat":"repeat","background-position":"center center","background-size":"auto","background-attachment":"scroll","background-type":"","background-media":"","overlay-type":"","overlay-color":"","overlay-opacity":"","overlay-gradient":""},"tablet":{"background-color":"","background-image":"","background-repeat":"repeat","background-position":"center center","background-size":"auto","background-attachment":"scroll","background-type":"","background-media":"","overlay-type":"","overlay-color":"","overlay-opacity":"","overlay-gradient":""},"mobile":{"background-color":"","background-image":"","background-repeat":"repeat","background-position":"center center","background-size":"auto","background-attachment":"scroll","background-type":"","background-media":"","overlay-type":"","overlay-color":"","overlay-opacity":"","overlay-gradient":""}},"ast-content-background-meta":{"desktop":{"background-color":"var(--ast-global-color-5)","background-image":"","background-repeat":"repeat","background-position":"center center","background-size":"auto","background-attachment":"scroll","background-type":"","background-media":"","overlay-type":"","overlay-color":"","overlay-opacity":"","overlay-gradient":""},"tablet":{"background-color":"var(--ast-global-color-5)","background-image":"","background-repeat":"repeat","background-position":"center center","background-size":"auto","background-attachment":"scroll","background-type":"","background-media":"","overlay-type":"","overlay-color":"","overlay-opacity":"","overlay-gradient":""},"mobile":{"background-color":"var(--ast-global-color-5)","background-image":"","background-repeat":"repeat","background-position":"center center","background-size":"auto","background-attachment":"scroll","background-type":"","background-media":"","overlay-type":"","overlay-color":"","overlay-opacity":"","overlay-gradient":""}},"footnotes":""},"class_list":["post-2586","page","type-page","status-publish","hentry"],"yoast_head":"<!-- This site is optimized with the Yoast SEO plugin v26.4 - https:\/\/yoast.com\/wordpress\/plugins\/seo\/ -->\n<title>Impresszum - Nico Bar<\/title>\n<meta name=\"robots\" content=\"index, follow, max-snippet:-1, max-image-preview:large, max-video-preview:-1\" \/>\n<link rel=\"canonical\" href=\"https:\/\/nicobar.hu\/en\/impresszum\/\" \/>\n<meta property=\"og:locale\" content=\"en_GB\" \/>\n<meta property=\"og:type\" content=\"article\" \/>\n<meta property=\"og:title\" content=\"Impresszum - Nico Bar\" \/>\n<meta property=\"og:url\" content=\"https:\/\/nicobar.hu\/en\/impresszum\/\" \/>\n<meta property=\"og:site_name\" content=\"Nico Bar\" \/>\n<meta property=\"article:publisher\" content=\"https:\/\/www.facebook.com\/profile.php?id=61568343336202\" \/>\n<meta property=\"article:modified_time\" content=\"2025-05-23T02:40:30+00:00\" \/>\n<meta name=\"twitter:card\" content=\"summary_large_image\" \/>\n<meta name=\"twitter:label1\" content=\"Estimated reading time\" \/>\n\t<meta name=\"twitter:data1\" content=\"1 minute\" \/>\n<script type=\"application\/ld+json\" class=\"yoast-schema-graph\">{\"@context\":\"https:\/\/schema.org\",\"@graph\":[{\"@type\":\"WebPage\",\"@id\":\"https:\/\/nicobar.hu\/impresszum\/\",\"url\":\"https:\/\/nicobar.hu\/impresszum\/\",\"name\":\"Impresszum - Nico Bar\",\"isPartOf\":{\"@id\":\"https:\/\/nicobar.hu\/#website\"},\"datePublished\":\"2025-05-23T02:36:27+00:00\",\"dateModified\":\"2025-05-23T02:40:30+00:00\",\"breadcrumb\":{\"@id\":\"https:\/\/nicobar.hu\/impresszum\/#breadcrumb\"},\"inLanguage\":\"en-GB\",\"potentialAction\":[{\"@type\":\"ReadAction\",\"target\":[\"https:\/\/nicobar.hu\/impresszum\/\"]}]},{\"@type\":\"BreadcrumbList\",\"@id\":\"https:\/\/nicobar.hu\/impresszum\/#breadcrumb\",\"itemListElement\":[{\"@type\":\"ListItem\",\"position\":1,\"name\":\"Kezd\u0151lap\",\"item\":\"https:\/\/nicobar.hu\/\"},{\"@type\":\"ListItem\",\"position\":2,\"name\":\"Impresszum\"}]},{\"@type\":\"WebSite\",\"@id\":\"https:\/\/nicobar.hu\/#website\",\"url\":\"https:\/\/nicobar.hu\/\",\"name\":\"Nico Bar Budapest\",\"description\":\"Drink, vibe and go.\",\"publisher\":{\"@id\":\"https:\/\/nicobar.hu\/#organization\"},\"potentialAction\":[{\"@type\":\"SearchAction\",\"target\":{\"@type\":\"EntryPoint\",\"urlTemplate\":\"https:\/\/nicobar.hu\/?s={search_term_string}\"},\"query-input\":{\"@type\":\"PropertyValueSpecification\",\"valueRequired\":true,\"valueName\":\"search_term_string\"}}],\"inLanguage\":\"en-GB\"},{\"@type\":\"Organization\",\"@id\":\"https:\/\/nicobar.hu\/#organization\",\"name\":\"Nico Bar Budapest\",\"alternateName\":\"Drink, Vibe & Go\",\"url\":\"https:\/\/nicobar.hu\/\",\"logo\":{\"@type\":\"ImageObject\",\"inLanguage\":\"en-GB\",\"@id\":\"https:\/\/nicobar.hu\/#\/schema\/logo\/image\/\",\"url\":\"https:\/\/nicobar.hu\/wp-content\/uploads\/2025\/04\/cropped-nico-bar-logo-green-transparent-rectangular.png\",\"contentUrl\":\"https:\/\/nicobar.hu\/wp-content\/uploads\/2025\/04\/cropped-nico-bar-logo-green-transparent-rectangular.png\",\"width\":998,\"height\":504,\"caption\":\"Nico Bar Budapest\"},\"image\":{\"@id\":\"https:\/\/nicobar.hu\/#\/schema\/logo\/image\/\"},\"sameAs\":[\"https:\/\/www.facebook.com\/profile.php?id=61568343336202\",\"https:\/\/www.instagram.com\/nicobar.bem\/\"]}]}<\/script>\n<!-- \/ Yoast SEO plugin. -->","yoast_head_json":{"title":"Impresszum - Nico Bar","robots":{"index":"index","follow":"follow","max-snippet":"max-snippet:-1","max-image-preview":"max-image-preview:large","max-video-preview":"max-video-preview:-1"},"canonical":"https:\/\/nicobar.hu\/en\/impresszum\/","og_locale":"en_GB","og_type":"article","og_title":"Impresszum - Nico Bar","og_url":"https:\/\/nicobar.hu\/en\/impresszum\/","og_site_name":"Nico Bar","article_publisher":"https:\/\/www.facebook.com\/profile.php?id=61568343336202","article_modified_time":"2025-05-23T02:40:30+00:00","twitter_card":"summary_large_image","twitter_misc":{"Estimated reading time":"1 minute"},"schema":{"@context":"https:\/\/schema.org","@graph":[{"@type":"WebPage","@id":"https:\/\/nicobar.hu\/impresszum\/","url":"https:\/\/nicobar.hu\/impresszum\/","name":"Impresszum - Nico Bar","isPartOf":{"@id":"https:\/\/nicobar.hu\/#website"},"datePublished":"2025-05-23T02:36:27+00:00","dateModified":"2025-05-23T02:40:30+00:00","breadcrumb":{"@id":"https:\/\/nicobar.hu\/impresszum\/#breadcrumb"},"inLanguage":"en-GB","potentialAction":[{"@type":"ReadAction","target":["https:\/\/nicobar.hu\/impresszum\/"]}]},{"@type":"BreadcrumbList","@id":"https:\/\/nicobar.hu\/impresszum\/#breadcrumb","itemListElement":[{"@type":"ListItem","position":1,"name":"Kezd\u0151lap","item":"https:\/\/nicobar.hu\/"},{"@type":"ListItem","position":2,"name":"Impresszum"}]},{"@type":"WebSite","@id":"https:\/\/nicobar.hu\/#website","url":"https:\/\/nicobar.hu\/","name":"Nico Bar Budapest","description":"Drink, vibe and go.","publisher":{"@id":"https:\/\/nicobar.hu\/#organization"},"potentialAction":[{"@type":"SearchAction","target":{"@type":"EntryPoint","urlTemplate":"https:\/\/nicobar.hu\/?s={search_term_string}"},"query-input":{"@type":"PropertyValueSpecification","valueRequired":true,"valueName":"search_term_string"}}],"inLanguage":"en-GB"},{"@type":"Organization","@id":"https:\/\/nicobar.hu\/#organization","name":"Nico Bar Budapest","alternateName":"Drink, Vibe & Go","url":"https:\/\/nicobar.hu\/","logo":{"@type":"ImageObject","inLanguage":"en-GB","@id":"https:\/\/nicobar.hu\/#\/schema\/logo\/image\/","url":"https:\/\/nicobar.hu\/wp-content\/uploads\/2025\/04\/cropped-nico-bar-logo-green-transparent-rectangular.png","contentUrl":"https:\/\/nicobar.hu\/wp-content\/uploads\/2025\/04\/cropped-nico-bar-logo-green-transparent-rectangular.png","width":998,"height":504,"caption":"Nico Bar Budapest"},"image":{"@id":"https:\/\/nicobar.hu\/#\/schema\/logo\/image\/"},"sameAs":["https:\/\/www.facebook.com\/profile.php?id=61568343336202","https:\/\/www.instagram.com\/nicobar.bem\/"]}]}},"_links":{"self":[{"href":"https:\/\/nicobar.hu\/en\/wp-json\/wp\/v2\/pages\/2586","targetHints":{"allow":["GET"]}}],"collection":[{"href":"https:\/\/nicobar.hu\/en\/wp-json\/wp\/v2\/pages"}],"about":[{"href":"https:\/\/nicobar.hu\/en\/wp-json\/wp\/v2\/types\/page"}],"author":[{"embeddable":true,"href":"https:\/\/nicobar.hu\/en\/wp-json\/wp\/v2\/users\/1"}],"replies":[{"embeddable":true,"href":"https:\/\/nicobar.hu\/en\/wp-json\/wp\/v2\/comments?post=2586"}],"version-history":[{"count":7,"href":"https:\/\/nicobar.hu\/en\/wp-json\/wp\/v2\/pages\/2586\/revisions"}],"predecessor-version":[{"id":2593,"href":"https:\/\/nicobar.hu\/en\/wp-json\/wp\/v2\/pages\/2586\/revisions\/2593"}],"wp:attachment":[{"href":"https:\/\/nicobar.hu\/en\/wp-json\/wp\/v2\/media?parent=2586"}],"curies":[{"name":"wp","href":"https:\/\/api.w.org\/{rel}","templated":true}]}}